{"id":16,"date":"2023-05-29T03:49:32","date_gmt":"2023-05-29T03:49:32","guid":{"rendered":"https:\/\/mowa.cl\/?page_id=16"},"modified":"2024-07-03T22:36:36","modified_gmt":"2024-07-03T22:36:36","slug":"inicio","status":"publish","type":"page","link":"https:\/\/mowa.cl\/","title":{"rendered":"Inicio"},"content":{"rendered":"\t\t<div data-elementor-type=\"wp-page\" data-elementor-id=\"16\" class=\"elementor elementor-16\">\n\t\t\t\t<div class=\"elementor-element elementor-element-a3bddf9 e-flex e-con-boxed e-con e-parent\" data-id=\"a3bddf9\" data-element_type=\"container\">\n\t\t\t\t\t<div class=\"e-con-inner\">\n\t\t\t\t<div class=\"elementor-element elementor-element-7eb12e8 elementor-widget elementor-widget-button\" data-id=\"7eb12e8\" data-element_type=\"widget\" data-widget_type=\"button.default\">\n\t\t\t\t<div class=\"elementor-widget-container\">\n\t\t\t\t\t<div class=\"elementor-button-wrapper\">\n\t\t\t<a class=\"elementor-button elementor-button-link elementor-size-sm\" href=\"https:\/\/www.mowa.cl\/conectar.exe\">\n\t\t\t\t\t\t<span class=\"elementor-button-content-wrapper\">\n\t\t\t\t\t\t\t\t\t<span class=\"elementor-button-text\">Conexion Remota<\/span>\n\t\t\t\t\t<\/span>\n\t\t\t\t\t<\/a>\n\t\t<\/div>\n\t\t\t\t<\/div>\n\t\t\t\t<\/div>\n\t\t\t\t\t<\/div>\n\t\t\t\t<\/div>\n\t\t\t\t<section class=\"elementor-section elementor-top-section elementor-element elementor-element-4880fc2c elementor-section-boxed elementor-section-height-default elementor-section-height-default\" data-id=\"4880fc2c\" data-element_type=\"section\">\n\t\t\t\t\t\t<div class=\"elementor-container elementor-column-gap-default\">\n\t\t\t\t\t<div class=\"elementor-column elementor-col-100 elementor-top-column elementor-element elementor-element-1d189a8a\" data-id=\"1d189a8a\" data-element_type=\"column\">\n\t\t\t<div class=\"elementor-widget-wrap elementor-element-populated\">\n\t\t\t\t\t\t<div class=\"elementor-element elementor-element-46969249 elementor-widget elementor-widget-text-editor\" data-id=\"46969249\" data-element_type=\"widget\" data-widget_type=\"text-editor.default\">\n\t\t\t\t<div class=\"elementor-widget-container\">\n\t\t\t<style>\/*! elementor - v3.23.0 - 05-08-2024 *\/\n.elementor-widget-text-editor.elementor-drop-cap-view-stacked .elementor-drop-cap{background-color:#69727d;color:#fff}.elementor-widget-text-editor.elementor-drop-cap-view-framed .elementor-drop-cap{color:#69727d;border:3px solid;background-color:transparent}.elementor-widget-text-editor:not(.elementor-drop-cap-view-default) .elementor-drop-cap{margin-top:8px}.elementor-widget-text-editor:not(.elementor-drop-cap-view-default) .elementor-drop-cap-letter{width:1em;height:1em}.elementor-widget-text-editor .elementor-drop-cap{float:left;text-align:center;line-height:1;font-size:50px}.elementor-widget-text-editor .elementor-drop-cap-letter{display:inline-block}<\/style>\t\t\t\t<p><!-- wp:cover {\"overlayColor\":\"white\",\"isDark\":false,\"align\":\"full\",\"className\":\"hestia-clear-top-padding\"} --><\/p>\n<div class=\"wp-block-cover alignfull is-light hestia-clear-top-padding\">\n<p><span aria-hidden=\"true\" class=\"wp-block-cover__background has-white-background-color has-background-dim-100 has-background-dim\"><\/span><\/p>\n<div class=\"wp-block-cover__inner-container\">\n<p><!-- wp:heading {\"textAlign\":\"center\",\"style\":{\"color\":{\"text\":\"#3c4858\"}}} --><\/p>\n<h2 class=\"wp-block-heading has-text-align-center has-text-color\" style=\"color: #3c4858;\">Acerca de Nosotros<\/h2>\n<p><!-- \/wp:heading --><\/p>\n<p><!-- wp:spacer {\"height\":\"40px\"} --><\/p>\n<div style=\"height: 40px;\" aria-hidden=\"true\" class=\"wp-block-spacer\"><\/div>\n<p><!-- \/wp:spacer --><\/p>\n<p><!-- wp:columns {\"className\":\"container\"} --><\/p>\n<div class=\"wp-block-columns container\">\n<p><!-- wp:column --><\/p>\n<div class=\"wp-block-column\">\n<p><!-- wp:image {\"align\":\"center\",\"id\":70,\"sizeSlug\":\"large\",\"linkDestination\":\"none\"} --><\/p>\n<figure class=\"wp-block-image aligncenter size-large\"><img decoding=\"async\" src=\"https:\/\/mowa.cl\/wp-content\/themes\/hestia\/assets\/img\/feat1.png\" alt=\"\" class=\"wp-image-70\" \/><\/figure>\n<p><!-- \/wp:image --><\/p>\n<p><!-- wp:heading {\"textAlign\":\"center\",\"level\":5,\"style\":{\"color\":{\"text\":\"#3c4858\"},\"typography\":{\"fontSize\":18}}} --><\/p>\n<h5 class=\"wp-block-heading has-text-align-center has-text-color\" style=\"color: #3c4858; font-size: 18px;\">Responsabilidad<\/h5>\n<p><!-- \/wp:heading --><\/p>\n<p><!-- wp:paragraph {\"align\":\"center\",\"style\":{\"color\":{\"text\":\"#999999\"},\"typography\":{\"fontSize\":14}}} --><\/p>\n<p class=\"has-text-align-center has-text-color\" style=\"color: #999999; font-size: 14px;\">nos comprometemos a entregar el mejor servicio y toda la tecnolog\u00eda de punta para que sus proyectos sean de alta calidad y durabilidad<\/p>\n<p><!-- \/wp:paragraph --><\/p>\n<p><!-- wp:spacer {\"height\":\"25px\"} --><\/p>\n<div style=\"height: 25px;\" aria-hidden=\"true\" class=\"wp-block-spacer\"><\/div>\n<p><!-- \/wp:spacer --><\/p>\n<\/div>\n<p><!-- \/wp:column --><\/p>\n<p><!-- wp:column --><\/p>\n<div class=\"wp-block-column\">\n<p><!-- wp:image {\"align\":\"center\",\"id\":71,\"sizeSlug\":\"large\",\"linkDestination\":\"none\"} --><\/p>\n<figure class=\"wp-block-image aligncenter size-large\"><img decoding=\"async\" src=\"https:\/\/mowa.cl\/wp-content\/themes\/hestia\/assets\/img\/feat2.png\" alt=\"\" class=\"wp-image-71\" \/><\/figure>\n<p><!-- \/wp:image --><\/p>\n<p><!-- wp:heading {\"textAlign\":\"center\",\"level\":5,\"style\":{\"color\":{\"text\":\"#3c4858\"},\"typography\":{\"fontSize\":18}}} --><\/p>\n<h5 class=\"wp-block-heading has-text-align-center has-text-color\" style=\"color: #3c4858; font-size: 18px;\">Calidad<\/h5>\n<p><!-- \/wp:heading --><\/p>\n<p><!-- wp:paragraph {\"align\":\"center\",\"style\":{\"color\":{\"text\":\"#999999\"},\"typography\":{\"fontSize\":14}}} --><\/p>\n<p class=\"has-text-align-center has-text-color\" style=\"color: #999999; font-size: 14px;\">la calidad es algo en lo que nos enfocamos para brindar un servicio de ultima generacion<\/p>\n<p><!-- \/wp:paragraph --><\/p>\n<p><!-- wp:spacer {\"height\":\"25px\"} --><\/p>\n<div style=\"height: 25px;\" aria-hidden=\"true\" class=\"wp-block-spacer\"><\/div>\n<p><!-- \/wp:spacer --><\/p>\n<\/div>\n<p><!-- \/wp:column --><\/p>\n<p><!-- wp:column --><\/p>\n<div class=\"wp-block-column\">\n<p><!-- wp:image {\"align\":\"center\",\"id\":72,\"sizeSlug\":\"large\",\"linkDestination\":\"none\"} --><\/p>\n<figure class=\"wp-block-image aligncenter size-large\"><img decoding=\"async\" src=\"https:\/\/mowa.cl\/wp-content\/themes\/hestia\/assets\/img\/feat3.png\" alt=\"\" class=\"wp-image-72\" \/><\/figure>\n<p><!-- \/wp:image --><\/p>\n<p><!-- wp:heading {\"textAlign\":\"center\",\"level\":5,\"style\":{\"color\":{\"text\":\"#3c4858\"},\"typography\":{\"fontSize\":18}}} --><\/p>\n<h5 class=\"wp-block-heading has-text-align-center has-text-color\" style=\"color: #3c4858; font-size: 18px;\">Soporte tecnico<\/h5>\n<p><!-- \/wp:heading --><\/p>\n<p><!-- wp:paragraph {\"align\":\"center\",\"style\":{\"color\":{\"text\":\"#999999\"},\"typography\":{\"fontSize\":14}}} --><\/p>\n<p class=\"has-text-align-center has-text-color\" style=\"color: #999999; font-size: 14px;\">nuestros tecnicos especializados y enfomados en la atencion al cliente siempre le brindaran soporte de primer nivel<\/p>\n<p><!-- \/wp:paragraph --><\/p>\n<p><!-- wp:spacer {\"height\":\"25px\"} --><\/p>\n<div style=\"height: 25px;\" aria-hidden=\"true\" class=\"wp-block-spacer\"><\/div>\n<p><!-- \/wp:spacer --><\/p>\n<\/div>\n<p><!-- \/wp:column --><\/p>\n<\/div>\n<p><!-- \/wp:columns --><\/p>\n<p><!-- wp:spacer {\"height\":\"40px\"} --><\/p>\n<div style=\"height: 40px;\" aria-hidden=\"true\" class=\"wp-block-spacer\"><\/div>\n<p><!-- \/wp:spacer --><\/p>\n<\/div>\n<\/div>\n<p><!-- \/wp:cover --><\/p>\n<p><!-- wp:columns {\"className\":\"container\"} --><\/p>\n<div class=\"wp-block-columns container\">\n<p><!-- wp:column {\"className\":\"col-md-5\"} --><\/p>\n<div class=\"wp-block-column col-md-5\">\n<p><!-- wp:spacer {\"height\":\"55px\"} --><\/p>\n<div style=\"height: 55px;\" aria-hidden=\"true\" class=\"wp-block-spacer\"><\/div>\n<p><!-- \/wp:spacer --><\/p>\n<p><!-- wp:heading --><\/p>\n<h2 class=\"wp-block-heading\">Acerca De MOWA<\/h2>\n<p><!-- \/wp:heading --><\/p>\n<p><!-- wp:paragraph --><\/p>\n<p>somos un grupo de tecnicos especialistas en espacios comerciales y con basta experiencia en instalaciones de camaras\u00a0 de vigilancia, soporte micro informatico a empresas y personas, instalaciones y proyectos a su necesidad<\/p>\n<p><!-- \/wp:paragraph --><\/p>\n<\/div>\n<p><!-- \/wp:column --><\/p>\n<p><!-- wp:column {\"className\":\"col-md-6 col-md-offset1\"} --><\/p>\n<div class=\"wp-block-column col-md-6 col-md-offset1\">\n<p><!-- wp:spacer {\"height\":\"55px\"} --><\/p>\n<div style=\"height: 55px;\" aria-hidden=\"true\" class=\"wp-block-spacer\"><\/div>\n<p><!-- \/wp:spacer --><\/p>\n<p><!-- wp:image {\"id\":81,\"sizeSlug\":\"large\",\"linkDestination\":\"none\"} --><\/p>\n<figure class=\"wp-block-image size-large\"><img decoding=\"async\" src=\"https:\/\/mowa.cl\/wp-content\/themes\/hestia\/assets\/img\/about-content.png\" alt=\"\" class=\"wp-image-81\" \/><\/figure>\n<p><!-- \/wp:image --><\/p>\n<p><!-- wp:paragraph --><\/p>\n<p><!-- \/wp:paragraph --><\/p>\n<\/div>\n<p><!-- \/wp:column --><\/p>\n<\/div>\n<p><!-- \/wp:columns --><\/p>\t\t\t\t\t\t<\/div>\n\t\t\t\t<\/div>\n\t\t\t\t\t<\/div>\n\t\t<\/div>\n\t\t\t\t\t<\/div>\n\t\t<\/section>\n\t\t\t\t<\/div>\n\t\t","protected":false},"excerpt":{"rendered":"<p>Conexion Remota Acerca De MOWA somos un grupo de tecnicos especialistas en espacios comerciales y con basta experiencia en instalaciones de camaras\u00a0 de vigilancia, soporte micro informatico a empresas y personas, instalaciones y proyectos a su necesidad<\/p>\n","protected":false},"author":1,"featured_media":43,"parent":0,"menu_order":0,"comment_status":"closed","ping_status":"closed","template":"","meta":{"footnotes":""},"class_list":["post-16","page","type-page","status-publish","has-post-thumbnail","hentry"],"yoast_head":"<!-- This site is optimized with the Yoast SEO plugin v23.1 - https:\/\/yoast.com\/wordpress\/plugins\/seo\/ -->\n<title>Inicio - MOWA TECNOLOGIA<\/title>\n<meta name=\"description\" content=\"instalaci\u00f3n de c\u00e1maras Dahua, software de venta para negocios, soporte t\u00e9cnico micro inform\u00e1tico, redes locales y VPN de conexi\u00f3n\" \/>\n<meta name=\"robots\" content=\"index, follow, max-snippet:-1, max-image-preview:large, max-video-preview:-1\" \/>\n<link rel=\"canonical\" href=\"https:\/\/mowa.cl\/\" \/>\n<meta property=\"og:locale\" content=\"es_ES\" \/>\n<meta property=\"og:type\" content=\"article\" \/>\n<meta property=\"og:title\" content=\"Inicio - MOWA TECNOLOGIA\" \/>\n<meta property=\"og:description\" content=\"instalaci\u00f3n de c\u00e1maras Dahua, software de venta para negocios, soporte t\u00e9cnico micro inform\u00e1tico, redes locales y VPN de conexi\u00f3n\" \/>\n<meta property=\"og:url\" content=\"https:\/\/mowa.cl\/\" \/>\n<meta property=\"og:site_name\" content=\"MOWA TECNOLOGIA\" \/>\n<meta property=\"article:publisher\" content=\"https:\/\/www.facebook.com\/telecomputacionchile\" \/>\n<meta property=\"article:modified_time\" content=\"2024-07-03T22:36:36+00:00\" \/>\n<meta property=\"og:image\" content=\"https:\/\/mowa.cl\/wp-content\/uploads\/2023\/05\/tioc-900x600-1.jpg\" \/>\n\t<meta property=\"og:image:width\" content=\"900\" \/>\n\t<meta property=\"og:image:height\" content=\"600\" \/>\n\t<meta property=\"og:image:type\" content=\"image\/jpeg\" \/>\n<meta name=\"twitter:card\" content=\"summary_large_image\" \/>\n<meta name=\"twitter:label1\" content=\"Tiempo de lectura\" \/>\n\t<meta name=\"twitter:data1\" content=\"2 minutos\" \/>\n<script type=\"application\/ld+json\" class=\"yoast-schema-graph\">{\"@context\":\"https:\/\/schema.org\",\"@graph\":[{\"@type\":\"WebPage\",\"@id\":\"https:\/\/mowa.cl\/\",\"url\":\"https:\/\/mowa.cl\/\",\"name\":\"Inicio - MOWA TECNOLOGIA\",\"isPartOf\":{\"@id\":\"https:\/\/mowa.cl\/#website\"},\"primaryImageOfPage\":{\"@id\":\"https:\/\/mowa.cl\/#primaryimage\"},\"image\":{\"@id\":\"https:\/\/mowa.cl\/#primaryimage\"},\"thumbnailUrl\":\"https:\/\/mowa.cl\/wp-content\/uploads\/2023\/05\/tioc-900x600-1.jpg\",\"datePublished\":\"2023-05-29T03:49:32+00:00\",\"dateModified\":\"2024-07-03T22:36:36+00:00\",\"description\":\"instalaci\u00f3n de c\u00e1maras Dahua, software de venta para negocios, soporte t\u00e9cnico micro inform\u00e1tico, redes locales y VPN de conexi\u00f3n\",\"breadcrumb\":{\"@id\":\"https:\/\/mowa.cl\/#breadcrumb\"},\"inLanguage\":\"es\",\"potentialAction\":[{\"@type\":\"ReadAction\",\"target\":[\"https:\/\/mowa.cl\/\"]}]},{\"@type\":\"ImageObject\",\"inLanguage\":\"es\",\"@id\":\"https:\/\/mowa.cl\/#primaryimage\",\"url\":\"https:\/\/mowa.cl\/wp-content\/uploads\/2023\/05\/tioc-900x600-1.jpg\",\"contentUrl\":\"https:\/\/mowa.cl\/wp-content\/uploads\/2023\/05\/tioc-900x600-1.jpg\",\"width\":900,\"height\":600},{\"@type\":\"BreadcrumbList\",\"@id\":\"https:\/\/mowa.cl\/#breadcrumb\",\"itemListElement\":[{\"@type\":\"ListItem\",\"position\":1,\"name\":\"Portada\",\"item\":\"https:\/\/mowa.cl\/\"},{\"@type\":\"ListItem\",\"position\":2,\"name\":\"Inicio\"}]},{\"@type\":\"WebSite\",\"@id\":\"https:\/\/mowa.cl\/#website\",\"url\":\"https:\/\/mowa.cl\/\",\"name\":\"MOWA TECNOLOGIA\",\"description\":\"instalacion de camaras redes informaticas y soporte tecnico profecional\",\"publisher\":{\"@id\":\"https:\/\/mowa.cl\/#organization\"},\"potentialAction\":[{\"@type\":\"SearchAction\",\"target\":{\"@type\":\"EntryPoint\",\"urlTemplate\":\"https:\/\/mowa.cl\/?s={search_term_string}\"},\"query-input\":\"required name=search_term_string\"}],\"inLanguage\":\"es\"},{\"@type\":\"Organization\",\"@id\":\"https:\/\/mowa.cl\/#organization\",\"name\":\"MOWA TECNOLOGIA\",\"url\":\"https:\/\/mowa.cl\/\",\"logo\":{\"@type\":\"ImageObject\",\"inLanguage\":\"es\",\"@id\":\"https:\/\/mowa.cl\/#\/schema\/logo\/image\/\",\"url\":\"https:\/\/mowa.cl\/wp-content\/uploads\/2023\/05\/cropped-mowa.png\",\"contentUrl\":\"https:\/\/mowa.cl\/wp-content\/uploads\/2023\/05\/cropped-mowa.png\",\"width\":512,\"height\":512,\"caption\":\"MOWA TECNOLOGIA\"},\"image\":{\"@id\":\"https:\/\/mowa.cl\/#\/schema\/logo\/image\/\"},\"sameAs\":[\"https:\/\/www.facebook.com\/telecomputacionchile\"]}]}<\/script>\n<!-- \/ Yoast SEO plugin. -->","yoast_head_json":{"title":"Inicio - MOWA TECNOLOGIA","description":"instalaci\u00f3n de c\u00e1maras Dahua, software de venta para negocios, soporte t\u00e9cnico micro inform\u00e1tico, redes locales y VPN de conexi\u00f3n","robots":{"index":"index","follow":"follow","max-snippet":"max-snippet:-1","max-image-preview":"max-image-preview:large","max-video-preview":"max-video-preview:-1"},"canonical":"https:\/\/mowa.cl\/","og_locale":"es_ES","og_type":"article","og_title":"Inicio - MOWA TECNOLOGIA","og_description":"instalaci\u00f3n de c\u00e1maras Dahua, software de venta para negocios, soporte t\u00e9cnico micro inform\u00e1tico, redes locales y VPN de conexi\u00f3n","og_url":"https:\/\/mowa.cl\/","og_site_name":"MOWA TECNOLOGIA","article_publisher":"https:\/\/www.facebook.com\/telecomputacionchile","article_modified_time":"2024-07-03T22:36:36+00:00","og_image":[{"width":900,"height":600,"url":"https:\/\/mowa.cl\/wp-content\/uploads\/2023\/05\/tioc-900x600-1.jpg","type":"image\/jpeg"}],"twitter_card":"summary_large_image","twitter_misc":{"Tiempo de lectura":"2 minutos"},"schema":{"@context":"https:\/\/schema.org","@graph":[{"@type":"WebPage","@id":"https:\/\/mowa.cl\/","url":"https:\/\/mowa.cl\/","name":"Inicio - MOWA TECNOLOGIA","isPartOf":{"@id":"https:\/\/mowa.cl\/#website"},"primaryImageOfPage":{"@id":"https:\/\/mowa.cl\/#primaryimage"},"image":{"@id":"https:\/\/mowa.cl\/#primaryimage"},"thumbnailUrl":"https:\/\/mowa.cl\/wp-content\/uploads\/2023\/05\/tioc-900x600-1.jpg","datePublished":"2023-05-29T03:49:32+00:00","dateModified":"2024-07-03T22:36:36+00:00","description":"instalaci\u00f3n de c\u00e1maras Dahua, software de venta para negocios, soporte t\u00e9cnico micro inform\u00e1tico, redes locales y VPN de conexi\u00f3n","breadcrumb":{"@id":"https:\/\/mowa.cl\/#breadcrumb"},"inLanguage":"es","potentialAction":[{"@type":"ReadAction","target":["https:\/\/mowa.cl\/"]}]},{"@type":"ImageObject","inLanguage":"es","@id":"https:\/\/mowa.cl\/#primaryimage","url":"https:\/\/mowa.cl\/wp-content\/uploads\/2023\/05\/tioc-900x600-1.jpg","contentUrl":"https:\/\/mowa.cl\/wp-content\/uploads\/2023\/05\/tioc-900x600-1.jpg","width":900,"height":600},{"@type":"BreadcrumbList","@id":"https:\/\/mowa.cl\/#breadcrumb","itemListElement":[{"@type":"ListItem","position":1,"name":"Portada","item":"https:\/\/mowa.cl\/"},{"@type":"ListItem","position":2,"name":"Inicio"}]},{"@type":"WebSite","@id":"https:\/\/mowa.cl\/#website","url":"https:\/\/mowa.cl\/","name":"MOWA TECNOLOGIA","description":"instalacion de camaras redes informaticas y soporte tecnico profecional","publisher":{"@id":"https:\/\/mowa.cl\/#organization"},"potentialAction":[{"@type":"SearchAction","target":{"@type":"EntryPoint","urlTemplate":"https:\/\/mowa.cl\/?s={search_term_string}"},"query-input":"required name=search_term_string"}],"inLanguage":"es"},{"@type":"Organization","@id":"https:\/\/mowa.cl\/#organization","name":"MOWA TECNOLOGIA","url":"https:\/\/mowa.cl\/","logo":{"@type":"ImageObject","inLanguage":"es","@id":"https:\/\/mowa.cl\/#\/schema\/logo\/image\/","url":"https:\/\/mowa.cl\/wp-content\/uploads\/2023\/05\/cropped-mowa.png","contentUrl":"https:\/\/mowa.cl\/wp-content\/uploads\/2023\/05\/cropped-mowa.png","width":512,"height":512,"caption":"MOWA TECNOLOGIA"},"image":{"@id":"https:\/\/mowa.cl\/#\/schema\/logo\/image\/"},"sameAs":["https:\/\/www.facebook.com\/telecomputacionchile"]}]}},"_links":{"self":[{"href":"https:\/\/mowa.cl\/index.php\/wp-json\/wp\/v2\/pages\/16","targetHints":{"allow":["GET"]}}],"collection":[{"href":"https:\/\/mowa.cl\/index.php\/wp-json\/wp\/v2\/pages"}],"about":[{"href":"https:\/\/mowa.cl\/index.php\/wp-json\/wp\/v2\/types\/page"}],"author":[{"embeddable":true,"href":"https:\/\/mowa.cl\/index.php\/wp-json\/wp\/v2\/users\/1"}],"replies":[{"embeddable":true,"href":"https:\/\/mowa.cl\/index.php\/wp-json\/wp\/v2\/comments?post=16"}],"version-history":[{"count":11,"href":"https:\/\/mowa.cl\/index.php\/wp-json\/wp\/v2\/pages\/16\/revisions"}],"predecessor-version":[{"id":207,"href":"https:\/\/mowa.cl\/index.php\/wp-json\/wp\/v2\/pages\/16\/revisions\/207"}],"wp:featuredmedia":[{"embeddable":true,"href":"https:\/\/mowa.cl\/index.php\/wp-json\/wp\/v2\/media\/43"}],"wp:attachment":[{"href":"https:\/\/mowa.cl\/index.php\/wp-json\/wp\/v2\/media?parent=16"}],"curies":[{"name":"wp","href":"https:\/\/api.w.org\/{rel}","templated":true}]}}